{"id":19,"date":"2025-01-07T15:57:17","date_gmt":"2025-01-07T18:57:17","guid":{"rendered":"https:\/\/site.uptime.com.br\/?page_id=19"},"modified":"2025-09-18T15:52:42","modified_gmt":"2025-09-18T18:52:42","slug":"a-uptime","status":"publish","type":"page","link":"https:\/\/site.uptime.com.br\/pt_br\/a-uptime\/","title":{"rendered":"A UPTIME"},"content":{"rendered":"\t\t<div data-elementor-type=\"wp-page\" data-elementor-id=\"19\" class=\"elementor elementor-19\" data-elementor-post-type=\"page\">\n\t\t\t\t<section class=\"elementor-element elementor-element-5952239 e-flex e-con-boxed e-con e-parent\" data-id=\"5952239\" data-element_type=\"container\" data-settings=\"{&quot;background_background&quot;:&quot;classic&quot;}\">\n\t\t\t\t\t<div class=\"e-con-inner\">\n\t\t<div class=\"elementor-element elementor-element-754db7d e-con-full e-flex e-con e-child\" data-id=\"754db7d\" data-element_type=\"container\">\n\t\t\t\t<\/div>\n\t\t<div class=\"elementor-element elementor-element-46b95f1 e-con-full e-flex e-con e-child\" data-id=\"46b95f1\" data-element_type=\"container\">\n\t\t\t\t<div class=\"elementor-element elementor-element-9da888e elementor-widget elementor-widget-heading\" data-id=\"9da888e\" data-element_type=\"widget\" data-widget_type=\"heading.default\">\n\t\t\t\t<div class=\"elementor-widget-container\">\n\t\t\t\t\t<h1 class=\"elementor-heading-title elementor-size-default\">quem somos<\/h1>\t\t\t\t<\/div>\n\t\t\t\t<\/div>\n\t\t\t\t<div class=\"elementor-element elementor-element-c796e74 elementor-widget elementor-widget-text-editor\" data-id=\"c796e74\" data-element_type=\"widget\" data-widget_type=\"text-editor.default\">\n\t\t\t\t<div class=\"elementor-widget-container\">\n\t\t\t\t\t\t\t\t\t<p>Aprender Ingl\u00eas \u00e9 SIMPLES! Mas a maioria tenta&#8230; <br \/>e desiste. N\u00e3o por falta de esfor\u00e7o, mas porque os m\u00e9todos convencionais simplesmente n\u00e3o funcionam. <br \/>A UPTIME Comunica\u00e7\u00e3o em Ingl\u00eas, desde 2001, mudou esta realidade.<\/p>\t\t\t\t\t\t\t\t<\/div>\n\t\t\t\t<\/div>\n\t\t\t\t<div class=\"elementor-element elementor-element-0b4c733 elementor-align-right elementor-widget elementor-widget-button\" data-id=\"0b4c733\" data-element_type=\"widget\" data-widget_type=\"button.default\">\n\t\t\t\t<div class=\"elementor-widget-container\">\n\t\t\t\t\t\t\t\t\t<div class=\"elementor-button-wrapper\">\n\t\t\t\t\t<a class=\"elementor-button elementor-button-link elementor-size-sm elementor-animation-pulse-grow\" href=\"https:\/\/uptime.com.br\/cursos\/\" target=\"_blank\" rel=\"noopener\">\n\t\t\t\t\t\t<span class=\"elementor-button-content-wrapper\">\n\t\t\t\t\t\t<span class=\"elementor-button-icon\">\n\t\t\t\t<svg xmlns=\"http:\/\/www.w3.org\/2000\/svg\" width=\"22\" height=\"20\" viewBox=\"0 0 22 20\" fill=\"none\"><path d=\"M11.3226 1L21 10M21 10L11.3226 19M21 10H1\" stroke=\"white\" stroke-width=\"2\" stroke-linecap=\"round\" stroke-linejoin=\"round\"><\/path><\/svg>\t\t\t<\/span>\n\t\t\t\t\t\t\t\t\t<span class=\"elementor-button-text\">A UPTIME \u00c9 A SOLU\u00c7\u00c3O<\/span>\n\t\t\t\t\t<\/span>\n\t\t\t\t\t<\/a>\n\t\t\t\t<\/div>\n\t\t\t\t\t\t\t\t<\/div>\n\t\t\t\t<\/div>\n\t\t\t\t<\/div>\n\t\t\t\t\t<\/div>\n\t\t\t\t<\/section>\n\t\t<section class=\"elementor-element elementor-element-c49cbd0 e-flex e-con-boxed e-con e-parent\" data-id=\"c49cbd0\" data-element_type=\"container\" data-settings=\"{&quot;background_background&quot;:&quot;classic&quot;}\">\n\t\t\t\t\t<div class=\"e-con-inner\">\n\t\t\t\t<div class=\"elementor-element elementor-element-dc3d16d elementor-widget elementor-widget-heading\" data-id=\"dc3d16d\" data-element_type=\"widget\" data-widget_type=\"heading.default\">\n\t\t\t\t<div class=\"elementor-widget-container\">\n\t\t\t\t\t<h2 class=\"elementor-heading-title elementor-size-default\"><span>VALORES UPTIME<\/span><br>#UPDNA<\/h2>\t\t\t\t<\/div>\n\t\t\t\t<\/div>\n\t\t<div class=\"elementor-element elementor-element-801d0e1 e-flex e-con-boxed e-con e-child\" data-id=\"801d0e1\" data-element_type=\"container\">\n\t\t\t\t\t<div class=\"e-con-inner\">\n\t\t\t\t<div class=\"elementor-element elementor-element-700e2a2 elementor-widget__width-initial elementor-widget-mobile__width-inherit elementor-widget elementor-widget-heading\" data-id=\"700e2a2\" data-element_type=\"widget\" data-widget_type=\"heading.default\">\n\t\t\t\t<div class=\"elementor-widget-container\">\n\t\t\t\t\t<h3 class=\"elementor-heading-title elementor-size-default\">PROP\u00d3SITO<\/h3>\t\t\t\t<\/div>\n\t\t\t\t<\/div>\n\t\t\t\t<div class=\"elementor-element elementor-element-4c71ebe elementor-widget__width-initial elementor-widget elementor-widget-text-editor\" data-id=\"4c71ebe\" data-element_type=\"widget\" data-widget_type=\"text-editor.default\">\n\t\t\t\t<div class=\"elementor-widget-container\">\n\t\t\t\t\t\t\t\t\t<p>Transformar a vida das pessoas por meio do idioma ingl\u00eas.<\/p>\t\t\t\t\t\t\t\t<\/div>\n\t\t\t\t<\/div>\n\t\t\t\t\t<\/div>\n\t\t\t\t<\/div>\n\t\t<div class=\"elementor-element elementor-element-a0b3bac e-flex e-con-boxed e-con e-child\" data-id=\"a0b3bac\" data-element_type=\"container\">\n\t\t\t\t\t<div class=\"e-con-inner\">\n\t\t\t\t<div class=\"elementor-element elementor-element-192d00d elementor-widget__width-initial elementor-widget elementor-widget-text-editor\" data-id=\"192d00d\" data-element_type=\"widget\" data-widget_type=\"text-editor.default\">\n\t\t\t\t<div class=\"elementor-widget-container\">\n\t\t\t\t\t\t\t\t\t<p>Levamos as pessoas do zero \u00e0 flu\u00eancia B2 em 12 meses.<\/p>\t\t\t\t\t\t\t\t<\/div>\n\t\t\t\t<\/div>\n\t\t\t\t<div class=\"elementor-element elementor-element-d7a1fb1 elementor-widget__width-initial elementor-widget-mobile__width-inherit elementor-widget elementor-widget-heading\" data-id=\"d7a1fb1\" data-element_type=\"widget\" data-widget_type=\"heading.default\">\n\t\t\t\t<div class=\"elementor-widget-container\">\n\t\t\t\t\t<h3 class=\"elementor-heading-title elementor-size-default\">MISS\u00c3O<\/h3>\t\t\t\t<\/div>\n\t\t\t\t<\/div>\n\t\t\t\t\t<\/div>\n\t\t\t\t<\/div>\n\t\t<div class=\"elementor-element elementor-element-de1cecf e-flex e-con-boxed e-con e-child\" data-id=\"de1cecf\" data-element_type=\"container\">\n\t\t\t\t\t<div class=\"e-con-inner\">\n\t\t\t\t<div class=\"elementor-element elementor-element-685ea21 elementor-widget__width-initial elementor-widget-mobile__width-inherit elementor-widget elementor-widget-heading\" data-id=\"685ea21\" data-element_type=\"widget\" data-widget_type=\"heading.default\">\n\t\t\t\t<div class=\"elementor-widget-container\">\n\t\t\t\t\t<h3 class=\"elementor-heading-title elementor-size-default\">VALORES<\/h3>\t\t\t\t<\/div>\n\t\t\t\t<\/div>\n\t\t\t\t<div class=\"elementor-element elementor-element-e59236a elementor-widget__width-initial elementor-widget elementor-widget-text-editor\" data-id=\"e59236a\" data-element_type=\"widget\" data-widget_type=\"text-editor.default\">\n\t\t\t\t<div class=\"elementor-widget-container\">\n\t\t\t\t\t\t\t\t\t<p data-start=\"112\" data-end=\"310\">Somos 100% apaixonados por ensinar ingl\u00eas e n\u00e3o abrimos m\u00e3o de sermos excelentes.<\/p>\t\t\t\t\t\t\t\t<\/div>\n\t\t\t\t<\/div>\n\t\t\t\t\t<\/div>\n\t\t\t\t<\/div>\n\t\t\t\t\t<\/div>\n\t\t\t\t<\/section>\n\t\t<section class=\"elementor-element elementor-element-bff9579 e-con-full e-flex e-con e-parent\" data-id=\"bff9579\" data-element_type=\"container\" data-settings=\"{&quot;background_background&quot;:&quot;classic&quot;}\">\n\t\t\t\t<div class=\"elementor-element elementor-element-4d0cc71 elementor-widget elementor-widget-image\" data-id=\"4d0cc71\" data-element_type=\"widget\" data-widget_type=\"image.default\">\n\t\t\t\t<div class=\"elementor-widget-container\">\n\t\t\t\t\t\t\t\t\t\t\t\t\t\t\t<img fetchpriority=\"high\" decoding=\"async\" width=\"1440\" height=\"700\" src=\"https:\/\/site.uptime.com.br\/wp-content\/uploads\/2025\/05\/premiacoes-UPTIME-e1748277101703.webp\" class=\"attachment-full size-full wp-image-1792\" alt=\"\" srcset=\"https:\/\/site.uptime.com.br\/wp-content\/uploads\/2025\/05\/premiacoes-UPTIME-e1748277101703.webp 1440w, https:\/\/site.uptime.com.br\/wp-content\/uploads\/2025\/05\/premiacoes-UPTIME-e1748277101703-300x146.webp 300w, https:\/\/site.uptime.com.br\/wp-content\/uploads\/2025\/05\/premiacoes-UPTIME-e1748277101703-1024x498.webp 1024w, https:\/\/site.uptime.com.br\/wp-content\/uploads\/2025\/05\/premiacoes-UPTIME-e1748277101703-768x373.webp 768w, https:\/\/site.uptime.com.br\/wp-content\/uploads\/2025\/05\/premiacoes-UPTIME-e1748277101703-18x9.webp 18w\" sizes=\"(max-width: 1440px) 100vw, 1440px\" \/>\t\t\t\t\t\t\t\t\t\t\t\t\t\t\t<\/div>\n\t\t\t\t<\/div>\n\t\t\t\t<\/section>\n\t\t<section class=\"elementor-element elementor-element-940f509 e-flex e-con-boxed e-con e-parent\" data-id=\"940f509\" data-element_type=\"container\" data-settings=\"{&quot;background_background&quot;:&quot;classic&quot;}\">\n\t\t\t\t\t<div class=\"e-con-inner\">\n\t\t<div class=\"elementor-element elementor-element-5d56037 e-con-full e-flex e-con e-child\" data-id=\"5d56037\" data-element_type=\"container\">\n\t\t\t\t<div class=\"elementor-element elementor-element-73ccc2e elementor-widget elementor-widget-heading\" data-id=\"73ccc2e\" data-element_type=\"widget\" data-widget_type=\"heading.default\">\n\t\t\t\t<div class=\"elementor-widget-container\">\n\t\t\t\t\t<h2 class=\"elementor-heading-title elementor-size-default\">Premia\u00e7\u00f5es<\/h2>\t\t\t\t<\/div>\n\t\t\t\t<\/div>\n\t\t<div class=\"elementor-element elementor-element-431a114 e-con-full e-flex e-con e-child\" data-id=\"431a114\" data-element_type=\"container\">\n\t\t\t\t<div class=\"elementor-element elementor-element-499afb2 elementor-widget elementor-widget-heading\" data-id=\"499afb2\" data-element_type=\"widget\" data-widget_type=\"heading.default\">\n\t\t\t\t<div class=\"elementor-widget-container\">\n\t\t\t\t\t<h3 class=\"elementor-heading-title elementor-size-default\">GLOBO - Pequenas Empresas &amp; Grandes Neg\u00f3cios<\/h3>\t\t\t\t<\/div>\n\t\t\t\t<\/div>\n\t\t\t\t<div class=\"elementor-element elementor-element-5686b27 elementor-widget elementor-widget-text-editor\" data-id=\"5686b27\" data-element_type=\"widget\" data-widget_type=\"text-editor.default\">\n\t\t\t\t<div class=\"elementor-widget-container\">\n\t\t\t\t\t\t\t\t\t<ul><li>&#8211; Melhor Franquia do Brasil &#8211; Idiomas (2009, 2013, 2014 e 2017).<\/li><li>&#8211; Franquia Cinco Estrelas (2009 a 2017).<\/li><\/ul>\t\t\t\t\t\t\t\t<\/div>\n\t\t\t\t<\/div>\n\t\t\t\t<\/div>\n\t\t<div class=\"elementor-element elementor-element-d98c51f e-con-full e-flex e-con e-child\" data-id=\"d98c51f\" data-element_type=\"container\">\n\t\t\t\t<div class=\"elementor-element elementor-element-4c64d1a elementor-widget elementor-widget-heading\" data-id=\"4c64d1a\" data-element_type=\"widget\" data-widget_type=\"heading.default\">\n\t\t\t\t<div class=\"elementor-widget-container\">\n\t\t\t\t\t<h3 class=\"elementor-heading-title elementor-size-default\"> - Associa\u00e7\u00e3o Brasileira de Franchising<\/h3>\t\t\t\t<\/div>\n\t\t\t\t<\/div>\n\t\t\t\t<div class=\"elementor-element elementor-element-e3fc464 elementor-widget elementor-widget-text-editor\" data-id=\"e3fc464\" data-element_type=\"widget\" data-widget_type=\"text-editor.default\">\n\t\t\t\t<div class=\"elementor-widget-container\">\n\t\t\t\t\t\t\t\t\t<ul><li>&#8211; Selo de Excel\u00eancia em Franchising (2006 a 2017).<\/li><li>&#8211; 10 anos de Selo de Excel\u00eancia em Franchising consecutivos (2015).<\/li><li>&#8211; Melhor Franqueadora do Brasil na categoria M\u00e1ster (2015).<\/li><li>&#8211; Melhor Franqueadora do Brasil na categoria Pleno (2008).<\/li><\/ul>\t\t\t\t\t\t\t\t<\/div>\n\t\t\t\t<\/div>\n\t\t\t\t<\/div>\n\t\t<div class=\"elementor-element elementor-element-ae53f1a e-con-full e-flex e-con e-child\" data-id=\"ae53f1a\" data-element_type=\"container\">\n\t\t\t\t<div class=\"elementor-element elementor-element-ce91556 elementor-widget elementor-widget-heading\" data-id=\"ce91556\" data-element_type=\"widget\" data-widget_type=\"heading.default\">\n\t\t\t\t<div class=\"elementor-widget-container\">\n\t\t\t\t\t<h3 class=\"elementor-heading-title elementor-size-default\">Outros Pr\u00eamios<\/h3>\t\t\t\t<\/div>\n\t\t\t\t<\/div>\n\t\t\t\t<div class=\"elementor-element elementor-element-d6e6316 elementor-widget elementor-widget-text-editor\" data-id=\"d6e6316\" data-element_type=\"widget\" data-widget_type=\"text-editor.default\">\n\t\t\t\t<div class=\"elementor-widget-container\">\n\t\t\t\t\t\t\t\t\t<ul><li>&#8211; Empresa mais elogiada na internet, pelo portal ElogieAki (2015).<\/li><li>&#8211; Top 25 do Franchising Brasileiro, pelo Grupo Bittencourt (2014 e 2015).<\/li><li>&#8211; Latin American Quality Award, pelo Latin American Quality Institute (2013).<\/li><\/ul>\t\t\t\t\t\t\t\t<\/div>\n\t\t\t\t<\/div>\n\t\t\t\t<\/div>\n\t\t\t\t<\/div>\n\t\t<div class=\"elementor-element elementor-element-6e87f7e e-con-full e-flex e-con e-child\" data-id=\"6e87f7e\" data-element_type=\"container\">\n\t\t\t\t<\/div>\n\t\t\t\t\t<\/div>\n\t\t\t\t<\/section>\n\t\t<section class=\"elementor-element elementor-element-c850256 elementor-hidden-desktop elementor-hidden-tablet elementor-hidden-mobile e-flex e-con-boxed e-con e-parent\" data-id=\"c850256\" data-element_type=\"container\" data-settings=\"{&quot;background_background&quot;:&quot;classic&quot;}\">\n\t\t\t\t\t<div class=\"e-con-inner\">\n\t\t<div class=\"elementor-element elementor-element-78ed6e6 e-con-full e-flex e-con e-child\" data-id=\"78ed6e6\" data-element_type=\"container\" data-settings=\"{&quot;background_background&quot;:&quot;classic&quot;}\">\n\t\t<div class=\"elementor-element elementor-element-820d158 e-con-full e-flex e-con e-child\" data-id=\"820d158\" data-element_type=\"container\" data-settings=\"{&quot;background_background&quot;:&quot;classic&quot;}\">\n\t\t\t\t<div class=\"elementor-element elementor-element-3549617 elementor-widget elementor-widget-image\" data-id=\"3549617\" data-element_type=\"widget\" data-widget_type=\"image.default\">\n\t\t\t\t<div class=\"elementor-widget-container\">\n\t\t\t\t\t\t\t\t\t\t\t\t\t\t\t<img decoding=\"async\" width=\"235\" height=\"331\" src=\"https:\/\/site.uptime.com.br\/wp-content\/uploads\/2025\/05\/PEGN-Globo-a-melhor-franquia-do-brasil-ensino-de-idiomas-UPTIME.webp\" class=\"attachment-full size-full wp-image-846\" alt=\"\" srcset=\"https:\/\/site.uptime.com.br\/wp-content\/uploads\/2025\/05\/PEGN-Globo-a-melhor-franquia-do-brasil-ensino-de-idiomas-UPTIME.webp 235w, https:\/\/site.uptime.com.br\/wp-content\/uploads\/2025\/05\/PEGN-Globo-a-melhor-franquia-do-brasil-ensino-de-idiomas-UPTIME-213x300.webp 213w, https:\/\/site.uptime.com.br\/wp-content\/uploads\/2025\/05\/PEGN-Globo-a-melhor-franquia-do-brasil-ensino-de-idiomas-UPTIME-9x12.webp 9w\" sizes=\"(max-width: 235px) 100vw, 235px\" \/>\t\t\t\t\t\t\t\t\t\t\t\t\t\t\t<\/div>\n\t\t\t\t<\/div>\n\t\t\t\t<\/div>\n\t\t<div class=\"elementor-element elementor-element-dd5f961 e-con-full e-flex e-con e-child\" data-id=\"dd5f961\" data-element_type=\"container\" data-settings=\"{&quot;background_background&quot;:&quot;classic&quot;}\">\n\t\t\t\t<div class=\"elementor-element elementor-element-3a80ff9 elementor-widget elementor-widget-image\" data-id=\"3a80ff9\" data-element_type=\"widget\" data-widget_type=\"image.default\">\n\t\t\t\t<div class=\"elementor-widget-container\">\n\t\t\t\t\t\t\t\t\t\t\t\t\t\t\t<img decoding=\"async\" width=\"267\" height=\"377\" src=\"https:\/\/site.uptime.com.br\/wp-content\/uploads\/2025\/05\/PEGN-2013-melhores-franquias-do-brasil-UPTIME.webp\" class=\"attachment-full size-full wp-image-849\" alt=\"\" srcset=\"https:\/\/site.uptime.com.br\/wp-content\/uploads\/2025\/05\/PEGN-2013-melhores-franquias-do-brasil-UPTIME.webp 267w, https:\/\/site.uptime.com.br\/wp-content\/uploads\/2025\/05\/PEGN-2013-melhores-franquias-do-brasil-UPTIME-212x300.webp 212w, https:\/\/site.uptime.com.br\/wp-content\/uploads\/2025\/05\/PEGN-2013-melhores-franquias-do-brasil-UPTIME-8x12.webp 8w\" sizes=\"(max-width: 267px) 100vw, 267px\" \/>\t\t\t\t\t\t\t\t\t\t\t\t\t\t\t<\/div>\n\t\t\t\t<\/div>\n\t\t\t\t<\/div>\n\t\t<div class=\"elementor-element elementor-element-d205cbf e-con-full e-flex e-con e-child\" data-id=\"d205cbf\" data-element_type=\"container\" data-settings=\"{&quot;background_background&quot;:&quot;classic&quot;}\">\n\t\t\t\t<div class=\"elementor-element elementor-element-acd318d elementor-widget elementor-widget-image\" data-id=\"acd318d\" data-element_type=\"widget\" data-widget_type=\"image.default\">\n\t\t\t\t<div class=\"elementor-widget-container\">\n\t\t\t\t\t\t\t\t\t\t\t\t\t\t\t<img loading=\"lazy\" decoding=\"async\" width=\"275\" height=\"388\" src=\"https:\/\/site.uptime.com.br\/wp-content\/uploads\/2025\/05\/PEGN-2014-melhores-franquias-do-brasil-UPTIME.webp\" class=\"attachment-full size-full wp-image-848\" alt=\"\" srcset=\"https:\/\/site.uptime.com.br\/wp-content\/uploads\/2025\/05\/PEGN-2014-melhores-franquias-do-brasil-UPTIME.webp 275w, https:\/\/site.uptime.com.br\/wp-content\/uploads\/2025\/05\/PEGN-2014-melhores-franquias-do-brasil-UPTIME-213x300.webp 213w, https:\/\/site.uptime.com.br\/wp-content\/uploads\/2025\/05\/PEGN-2014-melhores-franquias-do-brasil-UPTIME-9x12.webp 9w\" sizes=\"(max-width: 275px) 100vw, 275px\" \/>\t\t\t\t\t\t\t\t\t\t\t\t\t\t\t<\/div>\n\t\t\t\t<\/div>\n\t\t\t\t<\/div>\n\t\t<div class=\"elementor-element elementor-element-8f6505c e-con-full e-flex e-con e-child\" data-id=\"8f6505c\" data-element_type=\"container\" data-settings=\"{&quot;background_background&quot;:&quot;classic&quot;}\">\n\t\t\t\t<div class=\"elementor-element elementor-element-4637be1 elementor-widget elementor-widget-image\" data-id=\"4637be1\" data-element_type=\"widget\" data-widget_type=\"image.default\">\n\t\t\t\t<div class=\"elementor-widget-container\">\n\t\t\t\t\t\t\t\t\t\t\t\t\t\t\t<img loading=\"lazy\" decoding=\"async\" width=\"259\" height=\"365\" src=\"https:\/\/site.uptime.com.br\/wp-content\/uploads\/2025\/05\/PEGN-2017-melhores-franquias-do-brasil-UPTIME.webp\" class=\"attachment-full size-full wp-image-847\" alt=\"\" srcset=\"https:\/\/site.uptime.com.br\/wp-content\/uploads\/2025\/05\/PEGN-2017-melhores-franquias-do-brasil-UPTIME.webp 259w, https:\/\/site.uptime.com.br\/wp-content\/uploads\/2025\/05\/PEGN-2017-melhores-franquias-do-brasil-UPTIME-213x300.webp 213w, https:\/\/site.uptime.com.br\/wp-content\/uploads\/2025\/05\/PEGN-2017-melhores-franquias-do-brasil-UPTIME-9x12.webp 9w\" sizes=\"(max-width: 259px) 100vw, 259px\" \/>\t\t\t\t\t\t\t\t\t\t\t\t\t\t\t<\/div>\n\t\t\t\t<\/div>\n\t\t\t\t<\/div>\n\t\t\t\t<\/div>\n\t\t\t\t\t<\/div>\n\t\t\t\t<\/section>\n\t\t\t\t<\/div>\n\t\t","protected":false},"excerpt":{"rendered":"<p>quem somos Aprender Ingl\u00eas \u00e9 SIMPLES! Mas a maioria tenta&#8230; e desiste. N\u00e3o por falta de esfor\u00e7o, mas porque os m\u00e9todos convencionais simplesmente n\u00e3o funcionam. A UPTIME Comunica\u00e7\u00e3o em Ingl\u00eas, desde 2001, mudou esta realidade. A UPTIME \u00c9 A SOLU\u00c7\u00c3O VALORES UPTIME#UPDNA PROP\u00d3SITO Transformar a vida das pessoas por meio do idioma ingl\u00eas. Levamos as [&hellip;]<\/p>\n","protected":false},"author":1,"featured_media":0,"parent":0,"menu_order":0,"comment_status":"closed","ping_status":"closed","template":"elementor_header_footer","meta":{"footnotes":""},"class_list":["post-19","page","type-page","status-publish","hentry"],"_links":{"self":[{"href":"https:\/\/site.uptime.com.br\/pt_br\/wp-json\/wp\/v2\/pages\/19","targetHints":{"allow":["GET"]}}],"collection":[{"href":"https:\/\/site.uptime.com.br\/pt_br\/wp-json\/wp\/v2\/pages"}],"about":[{"href":"https:\/\/site.uptime.com.br\/pt_br\/wp-json\/wp\/v2\/types\/page"}],"author":[{"embeddable":true,"href":"https:\/\/site.uptime.com.br\/pt_br\/wp-json\/wp\/v2\/users\/1"}],"replies":[{"embeddable":true,"href":"https:\/\/site.uptime.com.br\/pt_br\/wp-json\/wp\/v2\/comments?post=19"}],"version-history":[{"count":0,"href":"https:\/\/site.uptime.com.br\/pt_br\/wp-json\/wp\/v2\/pages\/19\/revisions"}],"wp:attachment":[{"href":"https:\/\/site.uptime.com.br\/pt_br\/wp-json\/wp\/v2\/media?parent=19"}],"curies":[{"name":"wp","href":"https:\/\/api.w.org\/{rel}","templated":true}]}}