{"id":2698,"date":"2025-07-09T10:10:50","date_gmt":"2025-07-09T13:10:50","guid":{"rendered":"https:\/\/site.uptime.com.br\/?page_id=2698"},"modified":"2025-07-09T11:12:54","modified_gmt":"2025-07-09T14:12:54","slug":"metodo-v2","status":"publish","type":"page","link":"https:\/\/site.uptime.com.br\/pt_br\/metodo-v2\/","title":{"rendered":"Elementor #2698"},"content":{"rendered":"\t\t<div data-elementor-type=\"wp-page\" data-elementor-id=\"2698\" class=\"elementor elementor-2698\" data-elementor-post-type=\"page\">\n\t\t\t\t<section class=\"elementor-element elementor-element-668e9a8 e-flex e-con-boxed e-con e-parent\" data-id=\"668e9a8\" data-element_type=\"container\" data-settings=\"{&quot;background_background&quot;:&quot;classic&quot;}\">\n\t\t\t\t\t<div class=\"e-con-inner\">\n\t\t<div class=\"elementor-element elementor-element-37953b6 e-con-full e-flex e-con e-child\" data-id=\"37953b6\" data-element_type=\"container\">\n\t\t\t\t<div class=\"elementor-element elementor-element-97d1f38 elementor-widget elementor-widget-heading\" data-id=\"97d1f38\" data-element_type=\"widget\" data-widget_type=\"heading.default\">\n\t\t\t\t<div class=\"elementor-widget-container\">\n\t\t\t\t\t<h1 class=\"elementor-heading-title elementor-size-default\">M\u00e9todo<br><span>Day-by-Day<\/span><\/h1>\t\t\t\t<\/div>\n\t\t\t\t<\/div>\n\t\t\t\t<div class=\"elementor-element elementor-element-5688f7e elementor-widget__width-initial elementor-widget elementor-widget-text-editor\" data-id=\"5688f7e\" data-element_type=\"widget\" data-widget_type=\"text-editor.default\">\n\t\t\t\t<div class=\"elementor-widget-container\">\n\t\t\t\t\t\t\t\t\t<p>INGL\u00caS FLUENTE 12 MESES E PONTO.<\/p>\t\t\t\t\t\t\t\t<\/div>\n\t\t\t\t<\/div>\n\t\t\t\t<\/div>\n\t\t<div class=\"elementor-element elementor-element-0650198 e-con-full e-flex e-con e-child\" data-id=\"0650198\" data-element_type=\"container\">\n\t\t\t\t<div class=\"elementor-element elementor-element-2b72d4f elementor-widget elementor-widget-video\" data-id=\"2b72d4f\" data-element_type=\"widget\" data-settings=\"{&quot;youtube_url&quot;:&quot;https:\\\/\\\/www.youtube.com\\\/watch?v=XHOmBV4js_E&quot;,&quot;video_type&quot;:&quot;youtube&quot;,&quot;controls&quot;:&quot;yes&quot;}\" data-widget_type=\"video.default\">\n\t\t\t\t<div class=\"elementor-widget-container\">\n\t\t\t\t\t\t\t<div class=\"elementor-wrapper elementor-open-inline\">\n\t\t\t<div class=\"elementor-video\"><\/div>\t\t<\/div>\n\t\t\t\t\t\t<\/div>\n\t\t\t\t<\/div>\n\t\t\t\t<\/div>\n\t\t\t\t\t<\/div>\n\t\t\t\t<\/section>\n\t\t<section class=\"elementor-element elementor-element-eb1ccfb e-flex e-con-boxed e-con e-parent\" data-id=\"eb1ccfb\" data-element_type=\"container\" data-settings=\"{&quot;background_background&quot;:&quot;classic&quot;}\">\n\t\t\t\t\t<div class=\"e-con-inner\">\n\t\t\t\t<div class=\"elementor-element elementor-element-bfdfe29 elementor-widget elementor-widget-heading\" data-id=\"bfdfe29\" data-element_type=\"widget\" data-widget_type=\"heading.default\">\n\t\t\t\t<div class=\"elementor-widget-container\">\n\t\t\t\t\t<h2 class=\"elementor-heading-title elementor-size-default\">CEFR: <span>O que \u00e9 e por que importa?<span style=\"font-size: 2rem;letter-spacing: 0.06em\"><\/span><\/span><\/h2>\t\t\t\t<\/div>\n\t\t\t\t<\/div>\n\t\t\t\t<div class=\"elementor-element elementor-element-1b48349 elementor-widget elementor-widget-text-editor\" data-id=\"1b48349\" data-element_type=\"widget\" data-widget_type=\"text-editor.default\">\n\t\t\t\t<div class=\"elementor-widget-container\">\n\t\t\t\t\t\t\t\t\t<p>Criado pelo Conselho da Europa em 1949, o <strong data-start=\"232\" data-end=\"240\">CEFR<\/strong> (Quadro Europeu Comum de Refer\u00eancia para L\u00ednguas) \u00e9 o padr\u00e3o global para medir sua flu\u00eancia em qualquer idioma. Ele classifica seu conhecimento de <strong data-start=\"388\" data-end=\"394\">A1<\/strong> a <strong data-start=\"397\" data-end=\"403\">C2<\/strong>, unificando o ensino e a aprendizagem em todo o mundo.<br data-start=\"458\" data-end=\"461\" \/>Fundamental para exames como <strong data-start=\"490\" data-end=\"499\">TOEFL<\/strong>, <strong data-start=\"501\" data-end=\"510\">TOEIC<\/strong>, <strong data-start=\"512\" data-end=\"521\" data-is-only-node=\"\">IELTS<\/strong>, <strong data-start=\"523\" data-end=\"536\">Cambridge<\/strong>, e muito mais.<\/p>\t\t\t\t\t\t\t\t<\/div>\n\t\t\t\t<\/div>\n\t\t\t\t<div class=\"elementor-element elementor-element-3f67e13 elementor-widget elementor-widget-image\" data-id=\"3f67e13\" data-element_type=\"widget\" data-widget_type=\"image.default\">\n\t\t\t\t<div class=\"elementor-widget-container\">\n\t\t\t\t\t\t\t\t\t\t\t\t\t\t\t\t<a href=\"https:\/\/uptime.com.br\/wp-content\/uploads\/2025\/05\/common-eurpean-framework-of-reference-for-languages-CEFR.webp\" data-elementor-open-lightbox=\"yes\" data-elementor-lightbox-title=\"common eurpean framework of reference for languages CEFR\" data-e-action-hash=\"#elementor-action%3Aaction%3Dlightbox%26settings%3DeyJpZCI6ODc5LCJ1cmwiOiJodHRwczpcL1wvc2l0ZS51cHRpbWUuY29tLmJyXC93cC1jb250ZW50XC91cGxvYWRzXC8yMDI1XC8wNVwvY29tbW9uLWV1cnBlYW4tZnJhbWV3b3JrLW9mLXJlZmVyZW5jZS1mb3ItbGFuZ3VhZ2VzLUNFRlIud2VicCJ9\" target=\"_blank\" rel=\"noopener\">\n\t\t\t\t\t\t\t<img fetchpriority=\"high\" decoding=\"async\" width=\"1342\" height=\"1304\" src=\"https:\/\/site.uptime.com.br\/wp-content\/uploads\/2025\/05\/common-eurpean-framework-of-reference-for-languages-CEFR.webp\" class=\"attachment-full size-full wp-image-879\" alt=\"\" srcset=\"https:\/\/site.uptime.com.br\/wp-content\/uploads\/2025\/05\/common-eurpean-framework-of-reference-for-languages-CEFR.webp 1342w, https:\/\/site.uptime.com.br\/wp-content\/uploads\/2025\/05\/common-eurpean-framework-of-reference-for-languages-CEFR-300x292.webp 300w, https:\/\/site.uptime.com.br\/wp-content\/uploads\/2025\/05\/common-eurpean-framework-of-reference-for-languages-CEFR-1024x995.webp 1024w, https:\/\/site.uptime.com.br\/wp-content\/uploads\/2025\/05\/common-eurpean-framework-of-reference-for-languages-CEFR-768x746.webp 768w, https:\/\/site.uptime.com.br\/wp-content\/uploads\/2025\/05\/common-eurpean-framework-of-reference-for-languages-CEFR-12x12.webp 12w\" sizes=\"(max-width: 1342px) 100vw, 1342px\" \/>\t\t\t\t\t\t\t\t<\/a>\n\t\t\t\t\t\t\t\t\t\t\t\t\t\t\t<\/div>\n\t\t\t\t<\/div>\n\t\t\t\t<div class=\"elementor-element elementor-element-b646812 elementor-widget elementor-widget-heading\" data-id=\"b646812\" data-element_type=\"widget\" data-widget_type=\"heading.default\">\n\t\t\t\t<div class=\"elementor-widget-container\">\n\t\t\t\t\t<h3 class=\"elementor-heading-title elementor-size-default\">Por que \u00e9 importante?<\/h3>\t\t\t\t<\/div>\n\t\t\t\t<\/div>\n\t\t\t\t<div class=\"elementor-element elementor-element-fcb13ce elementor-widget elementor-widget-text-editor\" data-id=\"fcb13ce\" data-element_type=\"widget\" data-widget_type=\"text-editor.default\">\n\t\t\t\t<div class=\"elementor-widget-container\">\n\t\t\t\t\t\t\t\t\t<p data-start=\"109\" data-end=\"308\">Se voc\u00ea quer estudar no exterior, trabalhar em multinacionais ou comprovar sua flu\u00eancia de forma confi\u00e1vel, o <strong data-start=\"247\" data-end=\"255\">CEFR<\/strong> \u00e9 a refer\u00eancia global mais respeitada e reconhecida.<\/p>\t\t\t\t\t\t\t\t<\/div>\n\t\t\t\t<\/div>\n\t\t\t\t\t<\/div>\n\t\t\t\t<\/section>\n\t\t<section class=\"elementor-element elementor-element-6f649cb e-flex e-con-boxed e-con e-parent\" data-id=\"6f649cb\" data-element_type=\"container\" data-settings=\"{&quot;background_background&quot;:&quot;classic&quot;}\">\n\t\t\t\t\t<div class=\"e-con-inner\">\n\t\t<div class=\"elementor-element elementor-element-9c13187 e-con-full e-flex e-con e-child\" data-id=\"9c13187\" data-element_type=\"container\" data-settings=\"{&quot;background_background&quot;:&quot;classic&quot;}\">\n\t\t\t\t<div class=\"elementor-element elementor-element-c17ce46 elementor-widget elementor-widget-heading\" data-id=\"c17ce46\" data-element_type=\"widget\" data-widget_type=\"heading.default\">\n\t\t\t\t<div class=\"elementor-widget-container\">\n\t\t\t\t\t<h2 class=\"elementor-heading-title elementor-size-default\">UPTIME: Ingl\u00eas para o seu prop\u00f3sito \u2013 <span>EFL, EAP, ESOL &amp; ESP na pr\u00e1tica!<\/span><\/h2>\t\t\t\t<\/div>\n\t\t\t\t<\/div>\n\t\t\t\t<div class=\"elementor-element elementor-element-522a261 elementor-widget elementor-widget-text-editor\" data-id=\"522a261\" data-element_type=\"widget\" data-widget_type=\"text-editor.default\">\n\t\t\t\t<div class=\"elementor-widget-container\">\n\t\t\t\t\t\t\t\t\t<p data-start=\"182\" data-end=\"256\"><strong data-start=\"182\" data-end=\"223\">95% dos brasileiros n\u00e3o falam ingl\u00eas.<\/strong> N\u00f3s sabemos por qu\u00ea. <strong data-start=\"245\" data-end=\"256\">E VOC\u00ca?<\/strong><\/p><p data-start=\"258\" data-end=\"486\">O ingl\u00eas n\u00e3o \u00e9 uma barreira, <strong data-start=\"287\" data-end=\"300\">\u00e9 a chave<\/strong> para novas oportunidades. Apenas <strong data-start=\"334\" data-end=\"356\">5% dos brasileiros<\/strong> conseguem se comunicar em ingl\u00eas, e isso n\u00e3o \u00e9 apenas um n\u00famero. \u00c9 o reflexo de um obst\u00e1culo que limita o crescimento de milh\u00f5es.<\/p><p data-start=\"488\" data-end=\"595\">Aqui na <strong data-start=\"496\" data-end=\"506\">UPTIME<\/strong>, n\u00e3o apenas entendemos esse problema profundamente, <strong data-start=\"559\" data-end=\"582\">n\u00f3s temos a solu\u00e7\u00e3o<\/strong> para voc\u00ea.<\/p>\t\t\t\t\t\t\t\t<\/div>\n\t\t\t\t<\/div>\n\t\t\t\t<\/div>\n\t\t<div class=\"elementor-element elementor-element-606ad3e e-con-full e-flex e-con e-child\" data-id=\"606ad3e\" data-element_type=\"container\" data-settings=\"{&quot;background_background&quot;:&quot;classic&quot;}\">\n\t\t\t\t<div class=\"elementor-element elementor-element-28f3ea3 elementor-widget elementor-widget-heading\" data-id=\"28f3ea3\" data-element_type=\"widget\" data-widget_type=\"heading.default\">\n\t\t\t\t<div class=\"elementor-widget-container\">\n\t\t\t\t\t<h2 class=\"elementor-heading-title elementor-size-default\">O que nos torna diferentes?<\/h2>\t\t\t\t<\/div>\n\t\t\t\t<\/div>\n\t\t\t\t<div class=\"elementor-element elementor-element-ffe15b6 elementor-widget elementor-widget-text-editor\" data-id=\"ffe15b6\" data-element_type=\"widget\" data-widget_type=\"text-editor.default\">\n\t\t\t\t<div class=\"elementor-widget-container\">\n\t\t\t\t\t\t\t\t\t<p>Na <strong>UPTIME<\/strong>, sabemos que o ingl\u00eas n\u00e3o \u00e9 &#8220;um s\u00f3&#8221;. O ensino global do idioma \u00e9 <strong>dividido em abordagens espec\u00edficas<\/strong> \u2014 e \u00e9 exatamente aqui que muitos m\u00e9todos tradicionais falham.<\/p><p><strong>N\u00f3s oferecemos o que realmente funciona<\/strong>, com abordagens direcionadas para cada objetivo:<\/p><ul class=\"diferenciais-lista\"><li>\u2705 <strong>EFL (English as a Foreign Language):<\/strong> Para quem deseja aprender ingl\u00eas em pa\u00edses onde ele n\u00e3o \u00e9 a l\u00edngua principal.<\/li><li>\u2705 <strong>EAP (English for Academic Purposes):<\/strong> Para quem busca certifica\u00e7\u00f5es e oportunidades acad\u00eamicas no exterior.<\/li><li>\u2705 <strong>ESOL (English for Speakers of Other Languages):<\/strong> Para imigrantes e estrangeiros que precisam se adaptar \u00e0 vida em outro pa\u00eds.<\/li><li>\u2705 <strong>ESP (English for Specific Purposes):<\/strong> Para profissionais que usam o ingl\u00eas em contextos t\u00e9cnicos ou de carreira.<\/li><li>\u2705 <strong>ESL (English as a Second Language):<\/strong> Para quem vive em pa\u00edses onde o ingl\u00eas \u00e9 o idioma oficial.<\/li><\/ul>\t\t\t\t\t\t\t\t<\/div>\n\t\t\t\t<\/div>\n\t\t\t\t<\/div>\n\t\t<div class=\"elementor-element elementor-element-92452db e-con-full e-flex e-con e-child\" data-id=\"92452db\" data-element_type=\"container\" data-settings=\"{&quot;background_background&quot;:&quot;classic&quot;}\">\n\t\t\t\t<div class=\"elementor-element elementor-element-f2ac0fa elementor-widget elementor-widget-heading\" data-id=\"f2ac0fa\" data-element_type=\"widget\" data-widget_type=\"heading.default\">\n\t\t\t\t<div class=\"elementor-widget-container\">\n\t\t\t\t\t<h2 class=\"elementor-heading-title elementor-size-default\">Por que a UPTIME funciona?<\/h2>\t\t\t\t<\/div>\n\t\t\t\t<\/div>\n\t\t\t\t<div class=\"elementor-element elementor-element-ee26a51 elementor-widget elementor-widget-text-editor\" data-id=\"ee26a51\" data-element_type=\"widget\" data-widget_type=\"text-editor.default\">\n\t\t\t\t<div class=\"elementor-widget-container\">\n\t\t\t\t\t\t\t\t\t  <ul>\n    <li>\u26a1<strong>N\u00e3o somos apenas mais um curso de ingl\u00eas.<\/strong> Somos a escola que entrega <strong>resultados reais<\/strong>, porque sabemos exatamente onde os m\u00e9todos tradicionais falham.<\/li>\n    <li>\u26a1<strong>Nossa metodologia comprovada<\/strong> j\u00e1 transformou a vida de centenas de milhares de alunos.<\/li>\n    <li>\u26a1<strong>Seu sucesso \u00e9 nossa miss\u00e3o.<\/strong> Cada aluno recebe um atendimento <strong>personalizado<\/strong>, garantindo que atinja seus objetivos de forma r\u00e1pida e eficaz.<\/li>\n  <\/ul>\n\n  <p>\ud83d\udd25<strong>Queremos que voc\u00ea se torne fluente de forma definitiva \u2013 e garantimos isso!<\/strong> \ud83d\ude80<\/p>\t\t\t\t\t\t\t\t<\/div>\n\t\t\t\t<\/div>\n\t\t\t\t<\/div>\n\t\t<div class=\"elementor-element elementor-element-300bce5 e-con-full e-flex e-con e-child\" data-id=\"300bce5\" data-element_type=\"container\">\n\t\t<div class=\"elementor-element elementor-element-3d1c77c e-con-full e-flex e-con e-child\" data-id=\"3d1c77c\" data-element_type=\"container\">\n\t\t\t\t<div class=\"elementor-element elementor-element-0236ae1 elementor-widget elementor-widget-image\" data-id=\"0236ae1\" data-element_type=\"widget\" data-widget_type=\"image.default\">\n\t\t\t\t<div class=\"elementor-widget-container\">\n\t\t\t\t\t\t\t\t\t\t\t\t\t\t\t<img decoding=\"async\" width=\"590\" height=\"417\" src=\"https:\/\/site.uptime.com.br\/wp-content\/uploads\/2025\/05\/grafico-rosca-categoria-de-ensino-de-ingles-1.webp\" class=\"attachment-full size-full wp-image-955\" alt=\"\" srcset=\"https:\/\/site.uptime.com.br\/wp-content\/uploads\/2025\/05\/grafico-rosca-categoria-de-ensino-de-ingles-1.webp 590w, https:\/\/site.uptime.com.br\/wp-content\/uploads\/2025\/05\/grafico-rosca-categoria-de-ensino-de-ingles-1-300x212.webp 300w, https:\/\/site.uptime.com.br\/wp-content\/uploads\/2025\/05\/grafico-rosca-categoria-de-ensino-de-ingles-1-18x12.webp 18w\" sizes=\"(max-width: 590px) 100vw, 590px\" \/>\t\t\t\t\t\t\t\t\t\t\t\t\t\t\t<\/div>\n\t\t\t\t<\/div>\n\t\t\t\t<\/div>\n\t\t<div class=\"elementor-element elementor-element-9a27a7b e-con-full e-flex e-con e-child\" data-id=\"9a27a7b\" data-element_type=\"container\" data-settings=\"{&quot;background_background&quot;:&quot;classic&quot;}\">\n\t\t\t\t<div class=\"elementor-element elementor-element-c52c68f elementor-widget elementor-widget-text-editor\" data-id=\"c52c68f\" data-element_type=\"widget\" data-widget_type=\"text-editor.default\">\n\t\t\t\t<div class=\"elementor-widget-container\">\n\t\t\t\t\t\t\t\t\t\ud83d\udccc<strong> 87% do mercado<\/strong> est\u00e1 focado em <strong>EFL, EAP, ESOL &amp; ESP<\/strong> \u2014 pilares para o sucesso acad\u00eamico e profissional.\t\t\t\t\t\t\t\t<\/div>\n\t\t\t\t<\/div>\n\t\t\t\t<\/div>\n\t\t\t\t<\/div>\n\t\t<div class=\"elementor-element elementor-element-6088327 e-con-full e-flex e-con e-child\" data-id=\"6088327\" data-element_type=\"container\" data-settings=\"{&quot;background_background&quot;:&quot;classic&quot;}\">\n\t\t\t\t<div class=\"elementor-element elementor-element-9b33583 elementor-widget elementor-widget-heading\" data-id=\"9b33583\" data-element_type=\"widget\" data-widget_type=\"heading.default\">\n\t\t\t\t<div class=\"elementor-widget-container\">\n\t\t\t\t\t<h2 class=\"elementor-heading-title elementor-size-default\">M\u00e9todo Day-by-Day: <span>Flu\u00eancia em 12 meses<\/span>\n<\/h2>\t\t\t\t<\/div>\n\t\t\t\t<\/div>\n\t\t\t\t<div class=\"elementor-element elementor-element-f68c48a elementor-widget elementor-widget-text-editor\" data-id=\"f68c48a\" data-element_type=\"widget\" data-widget_type=\"text-editor.default\">\n\t\t\t\t<div class=\"elementor-widget-container\">\n\t\t\t\t\t\t\t\t\t<p data-start=\"329\" data-end=\"658\">O <strong data-start=\"331\" data-end=\"352\">M\u00e9todo Day-by-Day<\/strong> da UPTIME \u00e9 projetado para quem deseja aprender ingl\u00eas de forma <strong data-start=\"417\" data-end=\"447\">cont\u00ednua, pr\u00e1tica e eficaz<\/strong>. Nosso <strong data-start=\"455\" data-end=\"507\">programa de Ingl\u00eas como L\u00edngua Estrangeira (EFL)<\/strong> foca na constru\u00e7\u00e3o do seu aprendizado <strong data-start=\"546\" data-end=\"562\">dia ap\u00f3s dia<\/strong>, proporcionando a voc\u00ea uma jornada de <strong data-start=\"601\" data-end=\"618\">flu\u00eancia real<\/strong>, independentemente de onde voc\u00ea esteja.<\/p><p data-start=\"660\" data-end=\"1027\">Seja para <strong data-start=\"670\" data-end=\"697\">avan\u00e7ar na sua carreira<\/strong>, <strong data-start=\"699\" data-end=\"719\">explorar o mundo<\/strong> com confian\u00e7a, ou <strong data-start=\"738\" data-end=\"782\">desenvolver habilidades para o dia a dia<\/strong>, o <strong data-start=\"786\" data-end=\"807\">M\u00e9todo Day-by-Day<\/strong> oferece a <strong data-start=\"818\" data-end=\"839\">pr\u00e1tica constante<\/strong> que voc\u00ea precisa. Cada etapa \u00e9 desenhada para voc\u00ea <strong data-start=\"891\" data-end=\"911\">dominar o ingl\u00eas<\/strong> em contextos reais, superando as barreiras lingu\u00edsticas e atingindo seus objetivos de forma eficaz e personalizada.<\/p><p data-start=\"1029\" data-end=\"1128\"><strong data-start=\"1029\" data-end=\"1128\">Com o M\u00e9todo Day-by-Day, voc\u00ea n\u00e3o aprende ingl\u00eas apenas, voc\u00ea vive o ingl\u00eas, passo a passo.<\/strong><\/p>\t\t\t\t\t\t\t\t<\/div>\n\t\t\t\t<\/div>\n\t\t\t\t<\/div>\n\t\t\t\t\t<\/div>\n\t\t\t\t<\/section>\n\t\t\t\t<\/div>\n\t\t","protected":false},"excerpt":{"rendered":"<p>M\u00e9todoDay-by-Day INGL\u00caS FLUENTE 12 MESES E PONTO. https:\/\/www.youtube.com\/watch?v=XHOmBV4js_E CEFR: O que \u00e9 e por que importa? Criado pelo Conselho da Europa em 1949, o CEFR (Quadro Europeu Comum de Refer\u00eancia para L\u00ednguas) \u00e9 o padr\u00e3o global para medir sua flu\u00eancia em qualquer idioma. Ele classifica seu conhecimento de A1 a C2, unificando o ensino e [&hellip;]<\/p>\n","protected":false},"author":1,"featured_media":0,"parent":0,"menu_order":0,"comment_status":"closed","ping_status":"closed","template":"elementor_header_footer","meta":{"footnotes":""},"class_list":["post-2698","page","type-page","status-publish","hentry"],"_links":{"self":[{"href":"https:\/\/site.uptime.com.br\/pt_br\/wp-json\/wp\/v2\/pages\/2698","targetHints":{"allow":["GET"]}}],"collection":[{"href":"https:\/\/site.uptime.com.br\/pt_br\/wp-json\/wp\/v2\/pages"}],"about":[{"href":"https:\/\/site.uptime.com.br\/pt_br\/wp-json\/wp\/v2\/types\/page"}],"author":[{"embeddable":true,"href":"https:\/\/site.uptime.com.br\/pt_br\/wp-json\/wp\/v2\/users\/1"}],"replies":[{"embeddable":true,"href":"https:\/\/site.uptime.com.br\/pt_br\/wp-json\/wp\/v2\/comments?post=2698"}],"version-history":[{"count":0,"href":"https:\/\/site.uptime.com.br\/pt_br\/wp-json\/wp\/v2\/pages\/2698\/revisions"}],"wp:attachment":[{"href":"https:\/\/site.uptime.com.br\/pt_br\/wp-json\/wp\/v2\/media?parent=2698"}],"curies":[{"name":"wp","href":"https:\/\/api.w.org\/{rel}","templated":true}]}}