{"id":9930,"date":"2025-09-24T12:38:20","date_gmt":"2025-09-24T15:38:20","guid":{"rendered":"https:\/\/site.uptime.com.br\/?page_id=9930"},"modified":"2026-01-30T17:55:07","modified_gmt":"2026-01-30T20:55:07","slug":"fale-conosco","status":"publish","type":"page","link":"https:\/\/site.uptime.com.br\/pt_br\/fale-conosco\/","title":{"rendered":"Fale Conosco"},"content":{"rendered":"\t\t<div data-elementor-type=\"wp-page\" data-elementor-id=\"9930\" class=\"elementor elementor-9930\" data-elementor-post-type=\"page\">\n\t\t\t\t<section class=\"elementor-element elementor-element-e66e0c4 e-con-full e-flex e-con e-parent\" data-id=\"e66e0c4\" data-element_type=\"container\">\n\t\t<section class=\"elementor-element elementor-element-0b7fb50 e-flex e-con-boxed e-con e-child\" data-id=\"0b7fb50\" data-element_type=\"container\" data-settings=\"{&quot;background_background&quot;:&quot;classic&quot;}\">\n\t\t\t\t\t<div class=\"e-con-inner\">\n\t\t<div class=\"elementor-element elementor-element-1052e7f e-con-full e-flex e-con e-child\" data-id=\"1052e7f\" data-element_type=\"container\">\n\t\t<div class=\"elementor-element elementor-element-c746e7b e-con-full e-flex e-con e-child\" data-id=\"c746e7b\" data-element_type=\"container\">\n\t\t<div class=\"elementor-element elementor-element-13c4998 e-con-full e-flex e-con e-child\" data-id=\"13c4998\" data-element_type=\"container\">\n\t\t\t\t<div class=\"elementor-element elementor-element-b56210c elementor-invisible elementor-widget elementor-widget-heading\" data-id=\"b56210c\" data-element_type=\"widget\" data-settings=\"{&quot;_animation&quot;:&quot;fadeInUp&quot;}\" data-widget_type=\"heading.default\">\n\t\t\t\t<div class=\"elementor-widget-container\">\n\t\t\t\t\t<h1 class=\"elementor-heading-title elementor-size-default\">Fale Conosco<\/h1>\t\t\t\t<\/div>\n\t\t\t\t<\/div>\n\t\t\t\t<div class=\"elementor-element elementor-element-a8db42b elementor-invisible elementor-widget elementor-widget-text-editor\" data-id=\"a8db42b\" data-element_type=\"widget\" data-settings=\"{&quot;_animation&quot;:&quot;fadeInUp&quot;,&quot;_animation_delay&quot;:400}\" data-widget_type=\"text-editor.default\">\n\t\t\t\t<div class=\"elementor-widget-container\">\n\t\t\t\t\t\t\t\t\t<p>A UPTIME est\u00e1 sempre \u00e0 disposi\u00e7\u00e3o para atender voc\u00ea.<br \/>Este \u00e9 o canal ideal para esclarecer d\u00favidas, solicitar informa\u00e7\u00f5es, conhecer melhor nossos servi\u00e7os ou entrar em contato com nossa equipe.<\/p><p>Valorizamos um atendimento pr\u00f3ximo, transparente e eficiente. Por isso, sua mensagem \u00e9 muito importante para n\u00f3s e ser\u00e1 respondida com aten\u00e7\u00e3o e agilidade.<\/p><p>Preencha o formul\u00e1rio e fale com a UPTIME. Ser\u00e1 um prazer atender voc\u00ea.<\/p>\t\t\t\t\t\t\t\t<\/div>\n\t\t\t\t<\/div>\n\t\t\t\t<\/div>\n\t\t\t\t<\/div>\n\t\t\t\t<\/div>\n\t\t<div class=\"elementor-element elementor-element-b9a268a e-con-full e-flex e-con e-child\" data-id=\"b9a268a\" data-element_type=\"container\">\n\t\t<div class=\"elementor-element elementor-element-082bd7f e-con-full e-flex e-con e-child\" data-id=\"082bd7f\" data-element_type=\"container\" data-settings=\"{&quot;background_background&quot;:&quot;classic&quot;}\">\n\t\t\t\t<div class=\"elementor-element elementor-element-8431a26 elementor-button-align-stretch elementor-widget elementor-widget-form\" data-id=\"8431a26\" data-element_type=\"widget\" data-settings=\"{&quot;step_next_label&quot;:&quot;Next&quot;,&quot;step_previous_label&quot;:&quot;Previous&quot;,&quot;button_width&quot;:&quot;100&quot;,&quot;step_type&quot;:&quot;number_text&quot;,&quot;step_icon_shape&quot;:&quot;circle&quot;}\" data-widget_type=\"form.default\">\n\t\t\t\t<div class=\"elementor-widget-container\">\n\t\t\t\t\t\t\t<form class=\"elementor-form\" method=\"post\" name=\"FaleConosco\" aria-label=\"FaleConosco\">\n\t\t\t<input type=\"hidden\" name=\"post_id\" value=\"9930\"\/>\n\t\t\t<input type=\"hidden\" name=\"form_id\" value=\"8431a26\"\/>\n\t\t\t<input type=\"hidden\" name=\"referer_title\" value=\"\" \/>\n\n\t\t\t\n\t\t\t<div class=\"elementor-form-fields-wrapper elementor-labels-above\">\n\t\t\t\t\t\t\t\t<div class=\"elementor-field-type-text elementor-field-group elementor-column elementor-field-group-name elementor-col-50 elementor-field-required\">\n\t\t\t\t\t\t\t\t\t\t\t\t<label for=\"form-field-name\" class=\"elementor-field-label\">\n\t\t\t\t\t\t\t\tNome:\t\t\t\t\t\t\t<\/label>\n\t\t\t\t\t\t\t\t\t\t\t\t\t\t<input size=\"1\" type=\"text\" name=\"form_fields[name]\" id=\"form-field-name\" class=\"elementor-field elementor-size-sm  elementor-field-textual\" placeholder=\"Nome\" required=\"required\">\n\t\t\t\t\t\t\t\t\t\t\t<\/div>\n\t\t\t\t\t\t\t\t<div class=\"elementor-field-type-email elementor-field-group elementor-column elementor-field-group-email elementor-col-50 elementor-field-required\">\n\t\t\t\t\t\t\t\t\t\t\t\t<label for=\"form-field-email\" class=\"elementor-field-label\">\n\t\t\t\t\t\t\t\tE-mail\t\t\t\t\t\t\t<\/label>\n\t\t\t\t\t\t\t\t\t\t\t\t\t\t<input size=\"1\" type=\"email\" name=\"form_fields[email]\" id=\"form-field-email\" class=\"elementor-field elementor-size-sm  elementor-field-textual\" placeholder=\"E-mail\" required=\"required\">\n\t\t\t\t\t\t\t\t\t\t\t<\/div>\n\t\t\t\t\t\t\t\t<div class=\"elementor-field-type-local-tel elementor-field-group elementor-column elementor-field-group-telefone elementor-col-50 elementor-field-required\">\n\t\t\t\t\t\t\t\t\t\t\t\t<label for=\"form-field-telefone\" class=\"elementor-field-label\">\n\t\t\t\t\t\t\t\tTelefone\t\t\t\t\t\t\t<\/label>\n\t\t\t\t\t\t<input type=\"local-tel tel\" name=\"form_fields[telefone]\" id=\"form-field-telefone\" class=\"elementor-field elementor-size-sm  elementor-field elementor-field-textual local-tel-field\" required=\"required\" pattern=\"\\([0-9]{2}\\) [0-9]{4,5}-[0-9]{4}\" title=\"Formato: (11) 91234-5678 ou (11) 1234-5678\" placeholder=\"(11) 91234-5678\" autocomplete=\"tel\">        <script src=\"https:\/\/cdnjs.cloudflare.com\/ajax\/libs\/jquery.mask\/1.14.16\/jquery.mask.min.js\"\n                integrity=\"sha512-pHVGpX7F\/27yZ0ISY+VVjyULApbDlD0\/X0rgGbTqCE7WFW5MezNTWG\/dnhtbBuICzsd0WQPgpE4REBLv+UqChw==\"\n                crossorigin=\"anonymous\" referrerpolicy=\"no-referrer\"><\/script>\n        <script>\n        jQuery(document).ready(function($){\n            $('.local-tel-field').mask(function(val) {\n                return val.replace(\/\\D\/g,'').length === 11 ? '(00) 00000-0000' : '(00) 0000-00009';\n            }, {\n                onKeyPress: function(val, e, field, options){\n                    field.mask(val.replace(\/\\D\/g,'').length === 11 ? '(00) 00000-0000' : '(00) 0000-00009', options);\n                }\n            });\n        });\n        <\/script>\n        \t\t\t\t<\/div>\n\t\t\t\t\t\t\t\t<div class=\"elementor-field-type-select elementor-field-group elementor-column elementor-field-group-tipo_interesse elementor-col-50\">\n\t\t\t\t\t\t\t\t\t\t\t\t<label for=\"form-field-tipo_interesse\" class=\"elementor-field-label\">\n\t\t\t\t\t\t\t\tAssunto\t\t\t\t\t\t\t<\/label>\n\t\t\t\t\t\t\t\t<div class=\"elementor-field elementor-select-wrapper remove-before \">\n\t\t\t<div class=\"select-caret-down-wrapper\">\n\t\t\t\t<svg aria-hidden=\"true\" class=\"e-font-icon-svg e-eicon-caret-down\" viewBox=\"0 0 571.4 571.4\" xmlns=\"http:\/\/www.w3.org\/2000\/svg\"><path d=\"M571 393Q571 407 561 418L311 668Q300 679 286 679T261 668L11 418Q0 407 0 393T11 368 36 357H536Q550 357 561 368T571 393Z\"><\/path><\/svg>\t\t\t<\/div>\n\t\t\t<select name=\"form_fields[tipo_interesse]\" id=\"form-field-tipo_interesse\" class=\"elementor-field-textual elementor-size-sm\">\n\t\t\t\t\t\t\t\t\t<option value=\"\">Escolha o assunto<\/option>\n\t\t\t\t\t\t\t\t\t<option value=\"9\">Quero aprender ingl\u00eas<\/option>\n\t\t\t\t\t\t\t\t\t<option value=\"3\">Marketing<\/option>\n\t\t\t\t\t\t\t\t\t<option value=\"4\">Quero trabalhar na UPTIME (upload)<\/option>\n\t\t\t\t\t\t\t\t\t<option value=\"5\">Quero estagiar na UPTIME (upload)<\/option>\n\t\t\t\t\t\t\t\t\t<option value=\"6\">Quero trazer para minha empresa<\/option>\n\t\t\t\t\t\t\t\t\t<option value=\"8\">Mais informa\u00e7\u00f5es sobre Toeic\/Toefl<\/option>\n\t\t\t\t\t\t\t<\/select>\n\t\t<\/div>\n\t\t\t\t\t\t<\/div>\n\t\t\t\t\t\t\t\t<div class=\"elementor-field-type-select elementor-field-group elementor-column elementor-field-group-estado elementor-col-33\">\n\t\t\t\t\t\t\t\t\t\t\t\t<label for=\"form-field-estado\" class=\"elementor-field-label\">\n\t\t\t\t\t\t\t\tEstado:\t\t\t\t\t\t\t<\/label>\n\t\t\t\t\t\t\t\t<div class=\"elementor-field elementor-select-wrapper remove-before \">\n\t\t\t<div class=\"select-caret-down-wrapper\">\n\t\t\t\t<svg aria-hidden=\"true\" class=\"e-font-icon-svg e-eicon-caret-down\" viewBox=\"0 0 571.4 571.4\" xmlns=\"http:\/\/www.w3.org\/2000\/svg\"><path d=\"M571 393Q571 407 561 418L311 668Q300 679 286 679T261 668L11 418Q0 407 0 393T11 368 36 357H536Q550 357 561 368T571 393Z\"><\/path><\/svg>\t\t\t<\/div>\n\t\t\t<select name=\"form_fields[estado]\" id=\"form-field-estado\" class=\"elementor-field-textual elementor-size-sm\">\n\t\t\t\t\t\t\t\t\t<option value=\"\"><\/option>\n\t\t\t\t\t\t\t<\/select>\n\t\t<\/div>\n\t\t\t\t\t\t<\/div>\n\t\t\t\t\t\t\t\t<div class=\"elementor-field-type-select elementor-field-group elementor-column elementor-field-group-cidade elementor-col-33\">\n\t\t\t\t\t\t\t\t\t\t\t\t<label for=\"form-field-cidade\" class=\"elementor-field-label\">\n\t\t\t\t\t\t\t\tCidade:\t\t\t\t\t\t\t<\/label>\n\t\t\t\t\t\t\t\t<div class=\"elementor-field elementor-select-wrapper remove-before \">\n\t\t\t<div class=\"select-caret-down-wrapper\">\n\t\t\t\t<svg aria-hidden=\"true\" class=\"e-font-icon-svg e-eicon-caret-down\" viewBox=\"0 0 571.4 571.4\" xmlns=\"http:\/\/www.w3.org\/2000\/svg\"><path d=\"M571 393Q571 407 561 418L311 668Q300 679 286 679T261 668L11 418Q0 407 0 393T11 368 36 357H536Q550 357 561 368T571 393Z\"><\/path><\/svg>\t\t\t<\/div>\n\t\t\t<select name=\"form_fields[cidade]\" id=\"form-field-cidade\" class=\"elementor-field-textual elementor-size-sm\">\n\t\t\t\t\t\t\t\t\t<option value=\"\"><\/option>\n\t\t\t\t\t\t\t<\/select>\n\t\t<\/div>\n\t\t\t\t\t\t<\/div>\n\t\t\t\t\t\t\t\t<div class=\"elementor-field-type-select elementor-field-group elementor-column elementor-field-group-unidade_id elementor-col-33\">\n\t\t\t\t\t\t\t\t\t\t\t\t<label for=\"form-field-unidade_id\" class=\"elementor-field-label\">\n\t\t\t\t\t\t\t\tUnidade:\t\t\t\t\t\t\t<\/label>\n\t\t\t\t\t\t\t\t<div class=\"elementor-field elementor-select-wrapper remove-before \">\n\t\t\t<div class=\"select-caret-down-wrapper\">\n\t\t\t\t<svg aria-hidden=\"true\" class=\"e-font-icon-svg e-eicon-caret-down\" viewBox=\"0 0 571.4 571.4\" xmlns=\"http:\/\/www.w3.org\/2000\/svg\"><path d=\"M571 393Q571 407 561 418L311 668Q300 679 286 679T261 668L11 418Q0 407 0 393T11 368 36 357H536Q550 357 561 368T571 393Z\"><\/path><\/svg>\t\t\t<\/div>\n\t\t\t<select name=\"form_fields[unidade_id]\" id=\"form-field-unidade_id\" class=\"elementor-field-textual elementor-size-sm\">\n\t\t\t\t\t\t\t\t\t<option value=\"\"><\/option>\n\t\t\t\t\t\t\t<\/select>\n\t\t<\/div>\n\t\t\t\t\t\t<\/div>\n\t\t\t\t\t\t\t\t<div class=\"elementor-field-type-textarea elementor-field-group elementor-column elementor-field-group-message elementor-col-100\">\n\t\t\t\t\t\t\t\t\t\t\t\t<label for=\"form-field-message\" class=\"elementor-field-label\">\n\t\t\t\t\t\t\t\tMensagem\t\t\t\t\t\t\t<\/label>\n\t\t\t\t\t\t<textarea class=\"elementor-field-textual elementor-field  elementor-size-sm\" name=\"form_fields[message]\" id=\"form-field-message\" rows=\"4\" placeholder=\"Mensagem\"><\/textarea>\t\t\t\t<\/div>\n\t\t\t\t\t\t\t\t<div class=\"elementor-field-type-upload elementor-field-group elementor-column elementor-field-group-file_upload elementor-col-100\">\n\t\t\t\t\t\t\t\t\t\t\t\t<label for=\"form-field-file_upload\" class=\"elementor-field-label\">\n\t\t\t\t\t\t\t\tEnvie seu curr\u00edculo\t\t\t\t\t\t\t<\/label>\n\t\t\t\t\t\t\t\t<input type=\"file\" name=\"form_fields[file_upload]\" id=\"form-field-file_upload\" class=\"elementor-field elementor-size-sm  elementor-upload-field\" data-maxsize=\"5\" data-maxsize-message=\"This file exceeds the maximum allowed size.\">\n\n\t\t\t\t\t\t<\/div>\n\t\t\t\t\t\t\t\t<div class=\"elementor-field-type-hidden elementor-field-group elementor-column elementor-field-group-hidden_email elementor-col-100\">\n\t\t\t\t\t\t\t\t\t\t\t\t\t<input size=\"1\" type=\"hidden\" name=\"form_fields[hidden_email]\" id=\"form-field-hidden_email\" class=\"elementor-field elementor-size-sm  elementor-field-textual\">\n\t\t\t\t\t\t\t\t\t\t\t<\/div>\n\t\t\t\t\t\t\t\t<div class=\"elementor-field-group elementor-column elementor-field-type-submit elementor-col-100 e-form__buttons\">\n\t\t\t\t\t<button class=\"elementor-button elementor-size-sm\" type=\"submit\">\n\t\t\t\t\t\t<span class=\"elementor-button-content-wrapper\">\n\t\t\t\t\t\t\t\t\t\t\t\t\t\t\t\t\t\t\t\t\t\t<span class=\"elementor-button-text\">Enviar<\/span>\n\t\t\t\t\t\t\t\t\t\t\t\t\t<\/span>\n\t\t\t\t\t<\/button>\n\t\t\t\t<\/div>\n\t\t\t<\/div>\n\t\t<\/form>\n\t\t\t\t\t\t<\/div>\n\t\t\t\t<\/div>\n\t\t\t\t<div class=\"elementor-element elementor-element-ce57788 elementor-widget elementor-widget-html\" data-id=\"ce57788\" data-element_type=\"widget\" data-widget_type=\"html.default\">\n\t\t\t\t<div class=\"elementor-widget-container\">\n\t\t\t\t\t<script>\r\ndocument.addEventListener('DOMContentLoaded', function () {\r\n\r\n    const select = document.querySelector('[name=\"form_fields[tipo_interesse]\"]');\r\n    \r\n    const uploadWrapper = document\r\n        .querySelector('[name=\"form_fields[file_upload]\"]')\r\n        ?.closest('.elementor-field-group');\r\n\r\n    if (!select || !uploadWrapper) return;\r\n\r\nconsole.log(uploadWrapper)\r\n\r\n    function toggleUpload() {\r\n        const value = select.value;\r\n\r\n        \r\n        const showFileInput = ((value === \"4\") || (value === \"5\")) ? true : false\r\n      console.log(showFileInput)\r\n\r\n        uploadWrapper.style.display = showFileInput\r\n            ? 'block'\r\n            : 'none';\r\n    }\r\n\r\n    toggleUpload();\r\n    select.addEventListener('change', toggleUpload);\r\n});\r\n<\/script>\r\n\t\t\t\t<\/div>\n\t\t\t\t<\/div>\n\t\t\t\t<\/div>\n\t\t\t\t<\/div>\n\t\t\t\t\t<\/div>\n\t\t\t\t<\/section>\n\t\t\t\t<\/section>\n\t\t<div class=\"elementor-element elementor-element-46be0ff elementor-hidden-desktop elementor-hidden-tablet elementor-hidden-mobile e-flex e-con-boxed e-con e-parent\" data-id=\"46be0ff\" data-element_type=\"container\" data-settings=\"{&quot;background_background&quot;:&quot;classic&quot;}\">\n\t\t\t\t\t<div class=\"e-con-inner\">\n\t\t\t\t<div class=\"elementor-element elementor-element-dfb39bf elementor-button-align-stretch elementor-widget elementor-widget-form\" data-id=\"dfb39bf\" data-element_type=\"widget\" data-settings=\"{&quot;step_next_label&quot;:&quot;Next&quot;,&quot;step_previous_label&quot;:&quot;Previous&quot;,&quot;button_width&quot;:&quot;100&quot;,&quot;step_type&quot;:&quot;number_text&quot;,&quot;step_icon_shape&quot;:&quot;circle&quot;}\" data-widget_type=\"form.default\">\n\t\t\t\t<div class=\"elementor-widget-container\">\n\t\t\t\t\t\t\t<form class=\"elementor-form\" method=\"post\" name=\"Ouvidoria\" aria-label=\"Ouvidoria\">\n\t\t\t<input type=\"hidden\" name=\"post_id\" value=\"9930\"\/>\n\t\t\t<input type=\"hidden\" name=\"form_id\" value=\"dfb39bf\"\/>\n\t\t\t<input type=\"hidden\" name=\"referer_title\" value=\"\" \/>\n\n\t\t\t\n\t\t\t<div class=\"elementor-form-fields-wrapper elementor-labels-above\">\n\t\t\t\t\t\t\t\t<div class=\"elementor-field-type-text elementor-field-group elementor-column elementor-field-group-name elementor-col-100 elementor-field-required\">\n\t\t\t\t\t\t\t\t\t\t\t\t<label for=\"form-field-name\" class=\"elementor-field-label\">\n\t\t\t\t\t\t\t\tNome:\t\t\t\t\t\t\t<\/label>\n\t\t\t\t\t\t\t\t\t\t\t\t\t\t<input size=\"1\" type=\"text\" name=\"form_fields[name]\" id=\"form-field-name\" class=\"elementor-field elementor-size-sm  elementor-field-textual\" placeholder=\"Nome\" required=\"required\">\n\t\t\t\t\t\t\t\t\t\t\t<\/div>\n\t\t\t\t\t\t\t\t<div class=\"elementor-field-type-email elementor-field-group elementor-column elementor-field-group-email elementor-col-100 elementor-field-required\">\n\t\t\t\t\t\t\t\t\t\t\t\t<label for=\"form-field-email\" class=\"elementor-field-label\">\n\t\t\t\t\t\t\t\tE-mail\t\t\t\t\t\t\t<\/label>\n\t\t\t\t\t\t\t\t\t\t\t\t\t\t<input size=\"1\" type=\"email\" name=\"form_fields[email]\" id=\"form-field-email\" class=\"elementor-field elementor-size-sm  elementor-field-textual\" placeholder=\"E-mail\" required=\"required\">\n\t\t\t\t\t\t\t\t\t\t\t<\/div>\n\t\t\t\t\t\t\t\t<div class=\"elementor-field-type-local-tel elementor-field-group elementor-column elementor-field-group-field_891fa3c elementor-col-100 elementor-field-required\">\n\t\t\t\t\t\t\t\t\t\t\t\t<label for=\"form-field-field_891fa3c\" class=\"elementor-field-label\">\n\t\t\t\t\t\t\t\tTelefone\t\t\t\t\t\t\t<\/label>\n\t\t\t\t\t\t<input type=\"local-tel tel\" name=\"form_fields[field_891fa3c]\" id=\"form-field-field_891fa3c\" class=\"elementor-field elementor-size-sm  elementor-field elementor-field-textual local-tel-field\" required=\"required\" pattern=\"\\([0-9]{2}\\) [0-9]{4,5}-[0-9]{4}\" title=\"Formato: (11) 91234-5678 ou (11) 1234-5678\" placeholder=\"(11) 91234-5678\" autocomplete=\"tel\">        <script src=\"https:\/\/cdnjs.cloudflare.com\/ajax\/libs\/jquery.mask\/1.14.16\/jquery.mask.min.js\"\n                integrity=\"sha512-pHVGpX7F\/27yZ0ISY+VVjyULApbDlD0\/X0rgGbTqCE7WFW5MezNTWG\/dnhtbBuICzsd0WQPgpE4REBLv+UqChw==\"\n                crossorigin=\"anonymous\" referrerpolicy=\"no-referrer\"><\/script>\n        <script>\n        jQuery(document).ready(function($){\n            $('.local-tel-field').mask(function(val) {\n                return val.replace(\/\\D\/g,'').length === 11 ? '(00) 00000-0000' : '(00) 0000-00009';\n            }, {\n                onKeyPress: function(val, e, field, options){\n                    field.mask(val.replace(\/\\D\/g,'').length === 11 ? '(00) 00000-0000' : '(00) 0000-00009', options);\n                }\n            });\n        });\n        <\/script>\n        \t\t\t\t<\/div>\n\t\t\t\t\t\t\t\t<div class=\"elementor-field-type-select elementor-field-group elementor-column elementor-field-group-tipo_interesse elementor-col-100\">\n\t\t\t\t\t\t\t\t\t\t\t\t<label for=\"form-field-tipo_interesse\" class=\"elementor-field-label\">\n\t\t\t\t\t\t\t\tAssunto\t\t\t\t\t\t\t<\/label>\n\t\t\t\t\t\t\t\t<div class=\"elementor-field elementor-select-wrapper remove-before \">\n\t\t\t<div class=\"select-caret-down-wrapper\">\n\t\t\t\t<svg aria-hidden=\"true\" class=\"e-font-icon-svg e-eicon-caret-down\" viewBox=\"0 0 571.4 571.4\" xmlns=\"http:\/\/www.w3.org\/2000\/svg\"><path d=\"M571 393Q571 407 561 418L311 668Q300 679 286 679T261 668L11 418Q0 407 0 393T11 368 36 357H536Q550 357 561 368T571 393Z\"><\/path><\/svg>\t\t\t<\/div>\n\t\t\t<select name=\"form_fields[tipo_interesse]\" id=\"form-field-tipo_interesse\" class=\"elementor-field-textual elementor-size-sm\">\n\t\t\t\t\t\t\t\t\t<option value=\"\">Escolha o assunto<\/option>\n\t\t\t\t\t\t\t\t\t<option value=\"9\">Quero aprender ingl\u00eas<\/option>\n\t\t\t\t\t\t\t\t\t<option value=\"3\">Marketing<\/option>\n\t\t\t\t\t\t\t\t\t<option value=\"4\">Quero trabalhar na UPTIME (upload)<\/option>\n\t\t\t\t\t\t\t\t\t<option value=\"5\">Quero estagiar na UPTIME (upload)<\/option>\n\t\t\t\t\t\t\t\t\t<option value=\"6\">Quero trazer para minha empresa<\/option>\n\t\t\t\t\t\t\t\t\t<option value=\"8\">Mais informa\u00e7\u00f5es sobre Toeic\/Toefl<\/option>\n\t\t\t\t\t\t\t<\/select>\n\t\t<\/div>\n\t\t\t\t\t\t<\/div>\n\t\t\t\t\t\t\t\t<div class=\"elementor-field-type-textarea elementor-field-group elementor-column elementor-field-group-message elementor-col-100\">\n\t\t\t\t\t\t\t\t\t\t\t\t<label for=\"form-field-message\" class=\"elementor-field-label\">\n\t\t\t\t\t\t\t\tMensagem\t\t\t\t\t\t\t<\/label>\n\t\t\t\t\t\t<textarea class=\"elementor-field-textual elementor-field  elementor-size-sm\" name=\"form_fields[message]\" id=\"form-field-message\" rows=\"4\" placeholder=\"Mensagem\"><\/textarea>\t\t\t\t<\/div>\n\t\t\t\t\t\t\t\t<div class=\"elementor-field-type-upload elementor-field-group elementor-column elementor-field-group-file_upload elementor-col-100\">\n\t\t\t\t\t\t\t\t\t\t\t\t<label for=\"form-field-file_upload\" class=\"elementor-field-label\">\n\t\t\t\t\t\t\t\tEnvie seu curr\u00edculo\t\t\t\t\t\t\t<\/label>\n\t\t\t\t\t\t\t\t<input type=\"file\" name=\"form_fields[file_upload]\" id=\"form-field-file_upload\" class=\"elementor-field elementor-size-sm  elementor-upload-field\" data-maxsize=\"5\" data-maxsize-message=\"This file exceeds the maximum allowed size.\">\n\n\t\t\t\t\t\t<\/div>\n\t\t\t\t\t\t\t\t<div class=\"elementor-field-group elementor-column elementor-field-type-submit elementor-col-100 e-form__buttons\">\n\t\t\t\t\t<button class=\"elementor-button elementor-size-sm\" type=\"submit\">\n\t\t\t\t\t\t<span class=\"elementor-button-content-wrapper\">\n\t\t\t\t\t\t\t\t\t\t\t\t\t\t\t\t\t\t\t\t\t\t<span class=\"elementor-button-text\">Enviar<\/span>\n\t\t\t\t\t\t\t\t\t\t\t\t\t<\/span>\n\t\t\t\t\t<\/button>\n\t\t\t\t<\/div>\n\t\t\t<\/div>\n\t\t<\/form>\n\t\t\t\t\t\t<\/div>\n\t\t\t\t<\/div>\n\t\t\t\t<div class=\"elementor-element elementor-element-2474e5b elementor-widget elementor-widget-html\" data-id=\"2474e5b\" data-element_type=\"widget\" data-widget_type=\"html.default\">\n\t\t\t\t<div class=\"elementor-widget-container\">\n\t\t\t\t\t<script>\r\ndocument.addEventListener('DOMContentLoaded', function () {\r\n\r\n    const select = document.querySelector('[name=\"form_fields[tipo_interesse]\"]');\r\n    \r\n    const uploadWrapper = document\r\n        .querySelector('[name=\"form_fields[file_upload]\"]')\r\n        ?.closest('.elementor-field-group');\r\n\r\n    if (!select || !uploadWrapper) return;\r\n\r\nconsole.log(uploadWrapper)\r\n\r\n    function toggleUpload() {\r\n        const value = select.value;\r\n\r\n        \r\n        const showFileInput = ((value === \"4\") || (value === \"5\")) ? true : false\r\n      console.log(showFileInput)\r\n\r\n        uploadWrapper.style.display = showFileInput\r\n            ? 'block'\r\n            : 'none';\r\n    }\r\n\r\n    toggleUpload();\r\n    select.addEventListener('change', toggleUpload);\r\n});\r\n<\/script>\r\n\t\t\t\t<\/div>\n\t\t\t\t<\/div>\n\t\t\t\t\t<\/div>\n\t\t\t\t<\/div>\n\t\t\t\t<\/div>\n\t\t","protected":false},"excerpt":{"rendered":"<p>A UPTIME est\u00e1 sempre \u00e0 disposi\u00e7\u00e3o para atender voc\u00ea.Este \u00e9 o canal ideal para esclarecer d\u00favidas, solicitar informa\u00e7\u00f5es, conhecer melhor nossos servi\u00e7os ou entrar em contato com nossa equipe. Valorizamos um atendimento pr\u00f3ximo, transparente e eficiente. Por isso, sua mensagem \u00e9 muito importante para n\u00f3s e ser\u00e1 respondida com aten\u00e7\u00e3o e agilidade. Preencha o formul\u00e1rio [&hellip;]<\/p>\n","protected":false},"author":1,"featured_media":0,"parent":0,"menu_order":0,"comment_status":"closed","ping_status":"closed","template":"elementor_header_footer","meta":{"footnotes":""},"class_list":["post-9930","page","type-page","status-publish","hentry"],"_links":{"self":[{"href":"https:\/\/site.uptime.com.br\/pt_br\/wp-json\/wp\/v2\/pages\/9930","targetHints":{"allow":["GET"]}}],"collection":[{"href":"https:\/\/site.uptime.com.br\/pt_br\/wp-json\/wp\/v2\/pages"}],"about":[{"href":"https:\/\/site.uptime.com.br\/pt_br\/wp-json\/wp\/v2\/types\/page"}],"author":[{"embeddable":true,"href":"https:\/\/site.uptime.com.br\/pt_br\/wp-json\/wp\/v2\/users\/1"}],"replies":[{"embeddable":true,"href":"https:\/\/site.uptime.com.br\/pt_br\/wp-json\/wp\/v2\/comments?post=9930"}],"version-history":[{"count":60,"href":"https:\/\/site.uptime.com.br\/pt_br\/wp-json\/wp\/v2\/pages\/9930\/revisions"}],"predecessor-version":[{"id":11222,"href":"https:\/\/site.uptime.com.br\/pt_br\/wp-json\/wp\/v2\/pages\/9930\/revisions\/11222"}],"wp:attachment":[{"href":"https:\/\/site.uptime.com.br\/pt_br\/wp-json\/wp\/v2\/media?parent=9930"}],"curies":[{"name":"wp","href":"https:\/\/api.w.org\/{rel}","templated":true}]}}